{"id":163,"date":"2025-01-20T16:57:21","date_gmt":"2025-01-20T15:57:21","guid":{"rendered":"https:\/\/higosdefasnia.com\/?post_type=product&#038;p=163"},"modified":"2025-07-22T14:25:09","modified_gmt":"2025-07-22T13:25:09","slug":"espresso-de-higos","status":"publish","type":"product","link":"https:\/\/higosdefasnia.com\/en\/producto\/espresso-de-higos\/","title":{"rendered":"ESPRESSO DE HIGOS"},"content":{"rendered":"<p>Extracto de higos tostados para uso con sustituyente del caf\u00e9. Con sabor tostado con un regusto a higos. Ideal para personas intolerantes a la cafe\u00edna, ni\u00f1os y amantes de los sabores refinados.<\/p>\n","protected":false},"excerpt":{"rendered":"<p>Extracto de higos tostados para uso con sustituyente del caf\u00e9. Con sabor tostado con un regusto a higos. Ideal para personas intolerantes a la cafe\u00edna, ni\u00f1os y amantes de los sabores refinados.<\/p>\n","protected":false},"featured_media":328,"comment_status":"open","ping_status":"closed","template":"","meta":{"_monsterinsights_skip_tracking":false,"_monsterinsights_sitenote_active":false,"_monsterinsights_sitenote_note":"","_monsterinsights_sitenote_category":0,"_genesis_hide_title":false,"_genesis_hide_breadcrumbs":false,"_genesis_hide_singular_image":false,"_genesis_hide_footer_widgets":false,"_genesis_custom_body_class":"","_genesis_custom_post_class":"","_genesis_layout":""},"product_brand":[],"product_cat":[24],"product_tag":[],"class_list":{"0":"post-163","1":"product","2":"type-product","3":"status-publish","4":"has-post-thumbnail","6":"product_cat-crema","7":"entry","9":"first","10":"instock","11":"shipping-taxable","12":"purchasable","13":"product-type-simple"},"aioseo_notices":[],"_links":{"self":[{"href":"https:\/\/higosdefasnia.com\/en\/wp-json\/wp\/v2\/product\/163","targetHints":{"allow":["GET"]}}],"collection":[{"href":"https:\/\/higosdefasnia.com\/en\/wp-json\/wp\/v2\/product"}],"about":[{"href":"https:\/\/higosdefasnia.com\/en\/wp-json\/wp\/v2\/types\/product"}],"replies":[{"embeddable":true,"href":"https:\/\/higosdefasnia.com\/en\/wp-json\/wp\/v2\/comments?post=163"}],"wp:featuredmedia":[{"embeddable":true,"href":"https:\/\/higosdefasnia.com\/en\/wp-json\/wp\/v2\/media\/328"}],"wp:attachment":[{"href":"https:\/\/higosdefasnia.com\/en\/wp-json\/wp\/v2\/media?parent=163"}],"wp:term":[{"taxonomy":"product_brand","embeddable":true,"href":"https:\/\/higosdefasnia.com\/en\/wp-json\/wp\/v2\/product_brand?post=163"},{"taxonomy":"product_cat","embeddable":true,"href":"https:\/\/higosdefasnia.com\/en\/wp-json\/wp\/v2\/product_cat?post=163"},{"taxonomy":"product_tag","embeddable":true,"href":"https:\/\/higosdefasnia.com\/en\/wp-json\/wp\/v2\/product_tag?post=163"}],"curies":[{"name":"wp","href":"https:\/\/api.w.org\/{rel}","templated":true}]}}