{"id":72,"date":"2024-11-20T15:57:08","date_gmt":"2024-11-20T14:57:08","guid":{"rendered":"https:\/\/higosdefasnia.com\/?post_type=product&#038;p=72"},"modified":"2025-01-20T16:18:59","modified_gmt":"2025-01-20T15:18:59","slug":"mermelada-de-higo-100-gr","status":"publish","type":"product","link":"https:\/\/higosdefasnia.com\/en\/producto\/mermelada-de-higo-100-gr\/","title":{"rendered":"MERMELADA DE HIGO 100 GR."},"content":{"rendered":"<p>Los <strong>Higos de Fasnia<\/strong> son recomendables en personas con <strong>problemas respiratorios<\/strong>. Su fibra, la linguina, es muy eficaz para el tr\u00e1nsito intestinal.<\/p>\n<p>Tiene alto contenido en <strong>calcio, y hierro<\/strong>. Contiene Baenzaldehyde, que act\u00faa como <strong>agente anticancer\u00edgeno<\/strong>. Posee enzimas y flavonoides que <strong>favorecen la digesti\u00f3n<\/strong>, as\u00ed como polifenoles que combaten los <strong>trastornos cardiovasculares.<\/strong><\/p>\n<p><strong>Es rico en vitaminas A, B1, B2, B3, C.<\/strong><\/p>\n","protected":false},"excerpt":{"rendered":"<p>Los Higos de Fasnia son recomendables en personas con problemas respiratorios. Su fibra, la linguina, es muy eficaz para el tr\u00e1nsito intestinal. Tiene alto contenido en calcio, y hierro. Contiene Baenzaldehyde, que act\u00faa como agente anticancer\u00edgeno. Posee enzimas y flavonoides que favorecen la digesti\u00f3n, as\u00ed como polifenoles que combaten los trastornos cardiovasculares. Es rico en [&hellip;]<\/p>\n","protected":false},"featured_media":64,"comment_status":"open","ping_status":"closed","template":"","meta":{"_monsterinsights_skip_tracking":false,"_monsterinsights_sitenote_active":false,"_monsterinsights_sitenote_note":"","_monsterinsights_sitenote_category":0,"_genesis_hide_title":false,"_genesis_hide_breadcrumbs":false,"_genesis_hide_singular_image":false,"_genesis_hide_footer_widgets":false,"_genesis_custom_body_class":"","_genesis_custom_post_class":"","_genesis_layout":""},"product_brand":[],"product_cat":[23],"product_tag":[],"class_list":{"0":"post-72","1":"product","2":"type-product","3":"status-publish","4":"has-post-thumbnail","6":"product_cat-mermelada","7":"entry","9":"first","10":"instock","11":"shipping-taxable","12":"purchasable","13":"product-type-simple"},"aioseo_notices":[],"_links":{"self":[{"href":"https:\/\/higosdefasnia.com\/en\/wp-json\/wp\/v2\/product\/72","targetHints":{"allow":["GET"]}}],"collection":[{"href":"https:\/\/higosdefasnia.com\/en\/wp-json\/wp\/v2\/product"}],"about":[{"href":"https:\/\/higosdefasnia.com\/en\/wp-json\/wp\/v2\/types\/product"}],"replies":[{"embeddable":true,"href":"https:\/\/higosdefasnia.com\/en\/wp-json\/wp\/v2\/comments?post=72"}],"wp:featuredmedia":[{"embeddable":true,"href":"https:\/\/higosdefasnia.com\/en\/wp-json\/wp\/v2\/media\/64"}],"wp:attachment":[{"href":"https:\/\/higosdefasnia.com\/en\/wp-json\/wp\/v2\/media?parent=72"}],"wp:term":[{"taxonomy":"product_brand","embeddable":true,"href":"https:\/\/higosdefasnia.com\/en\/wp-json\/wp\/v2\/product_brand?post=72"},{"taxonomy":"product_cat","embeddable":true,"href":"https:\/\/higosdefasnia.com\/en\/wp-json\/wp\/v2\/product_cat?post=72"},{"taxonomy":"product_tag","embeddable":true,"href":"https:\/\/higosdefasnia.com\/en\/wp-json\/wp\/v2\/product_tag?post=72"}],"curies":[{"name":"wp","href":"https:\/\/api.w.org\/{rel}","templated":true}]}}